{"id":515,"date":"2022-03-31T11:11:20","date_gmt":"2022-03-31T09:11:20","guid":{"rendered":"http:\/\/dev.nord5.de\/amy\/ckboxen\/?page_id=515"},"modified":"2022-04-25T15:33:14","modified_gmt":"2022-04-25T13:33:14","slug":"kickboxen-bonn-ckteam-boxenlernen-frauen-maenner-kinder-kampfsport-selbstverteidigung-kursplan","status":"publish","type":"page","link":"https:\/\/www.ckboxen.de\/ckteambonn\/kickboxen-bonn-ckteam-boxenlernen-frauen-maenner-kinder-kampfsport-selbstverteidigung-kursplan\/","title":{"rendered":"Kursplan"},"content":{"rendered":"<p>[et_pb_section fb_built=&#8220;1&#8243; fullwidth=&#8220;on&#8220; _builder_version=&#8220;4.15.1&#8243; _module_preset=&#8220;default&#8220; global_colors_info=&#8220;{}&#8220;][et_pb_fullwidth_image src=&#8220;http:\/\/dev.nord5.de\/amy\/ckboxen\/wp-content\/uploads\/2022\/03\/ckteambonn-kickboxen-kick-frauen-header-angebot-fixed.png&#8220; title_text=&#8220;ckteambonn-kickboxen-kick-frauen-header-angebot-fixed&#8220; disabled_on=&#8220;on|off|off&#8220; _builder_version=&#8220;4.15.1&#8243; _module_preset=&#8220;default&#8220; width=&#8220;100vw&#8220; global_colors_info=&#8220;{}&#8220;][\/et_pb_fullwidth_image][\/et_pb_section][et_pb_section fb_built=&#8220;1&#8243; fullwidth=&#8220;on&#8220; _builder_version=&#8220;4.15.1&#8243; _module_preset=&#8220;default&#8220; global_colors_info=&#8220;{}&#8220;][et_pb_fullwidth_image src=&#8220;http:\/\/dev.nord5.de\/amy\/ckboxen\/wp-content\/uploads\/2022\/04\/shutterstock_696160882-scaled.jpg&#8220; title_text=&#8220;Kickboxing&#8220; disabled_on=&#8220;off|on|on&#8220; _builder_version=&#8220;4.15.1&#8243; _module_preset=&#8220;default&#8220; width=&#8220;100vw&#8220; global_colors_info=&#8220;{}&#8220; custom_css_main_element_last_edited=&#8220;on|phone&#8220; custom_css_main_element_phone=&#8220;\t\theight: 130px;||    width: 100% !important;||    object-fit: cover;||    object-position: top center;&#8220;][\/et_pb_fullwidth_image][\/et_pb_section][et_pb_section fb_built=&#8220;1&#8243; _builder_version=&#8220;4.15.1&#8243; _module_preset=&#8220;default&#8220; background_color=&#8220;#FFFF00&#8243; min_height=&#8220;10px&#8220; min_height_tablet=&#8220;10px&#8220; min_height_phone=&#8220;5px&#8220; min_height_last_edited=&#8220;on|phone&#8220; max_height=&#8220;10px&#8220; max_height_tablet=&#8220;10px&#8220; max_height_phone=&#8220;5px&#8220; max_height_last_edited=&#8220;on|phone&#8220; custom_padding=&#8220;0px||0px||false|false&#8220; global_colors_info=&#8220;{}&#8220;][\/et_pb_section][et_pb_section fb_built=&#8220;1&#8243; _builder_version=&#8220;4.15.1&#8243; _module_preset=&#8220;default&#8220; background_color=&#8220;#000000&#8243; min_height=&#8220;10px&#8220; min_height_tablet=&#8220;10px&#8220; min_height_phone=&#8220;5px&#8220; min_height_last_edited=&#8220;on|phone&#8220; max_height=&#8220;10px&#8220; max_height_tablet=&#8220;10px&#8220; max_height_phone=&#8220;5px&#8220; max_height_last_edited=&#8220;on|phone&#8220; custom_margin=&#8220;||||false|false&#8220; custom_padding=&#8220;0px||0px||false|false&#8220; global_colors_info=&#8220;{}&#8220;][\/et_pb_section][et_pb_section fb_built=&#8220;1&#8243; _builder_version=&#8220;4.15.1&#8243; _module_preset=&#8220;default&#8220; background_color=&#8220;#FFFF00&#8243; min_height=&#8220;10px&#8220; min_height_tablet=&#8220;10px&#8220; min_height_phone=&#8220;5px&#8220; min_height_last_edited=&#8220;on|phone&#8220; max_height=&#8220;10px&#8220; max_height_tablet=&#8220;10px&#8220; max_height_phone=&#8220;5px&#8220; max_height_last_edited=&#8220;on|phone&#8220; custom_padding=&#8220;0px||0px||false|false&#8220; global_colors_info=&#8220;{}&#8220;][\/et_pb_section][et_pb_section fb_built=&#8220;1&#8243; _builder_version=&#8220;4.15.1&#8243; _module_preset=&#8220;default&#8220; background_color=&#8220;#000000&#8243; min_height=&#8220;10px&#8220; min_height_tablet=&#8220;10px&#8220; min_height_phone=&#8220;5px&#8220; min_height_last_edited=&#8220;on|phone&#8220; max_height=&#8220;10px&#8220; max_height_tablet=&#8220;10px&#8220; max_height_phone=&#8220;5px&#8220; max_height_last_edited=&#8220;on|phone&#8220; custom_margin=&#8220;||||false|false&#8220; custom_padding=&#8220;0px||0px||false|false&#8220; global_colors_info=&#8220;{}&#8220;][\/et_pb_section][et_pb_section fb_built=&#8220;1&#8243; _builder_version=&#8220;4.15.1&#8243; _module_preset=&#8220;default&#8220; background_color=&#8220;#FFFF00&#8243; min_height=&#8220;10px&#8220; min_height_tablet=&#8220;10px&#8220; min_height_phone=&#8220;5px&#8220; min_height_last_edited=&#8220;on|phone&#8220; max_height=&#8220;10px&#8220; max_height_tablet=&#8220;10px&#8220; max_height_phone=&#8220;5px&#8220; max_height_last_edited=&#8220;on|phone&#8220; custom_padding=&#8220;0px||0px||false|false&#8220; global_colors_info=&#8220;{}&#8220;][\/et_pb_section][et_pb_section fb_built=&#8220;1&#8243; _builder_version=&#8220;4.15.1&#8243; _module_preset=&#8220;default&#8220; background_color=&#8220;#e6e6e6&#8243; custom_margin_tablet=&#8220;&#8220; custom_margin_phone=&#8220;&#8220; custom_margin_last_edited=&#8220;on|phone&#8220; custom_padding=&#8220;0px||1px||false|false&#8220; global_colors_info=&#8220;{}&#8220;][et_pb_row _builder_version=&#8220;4.15.1&#8243; _module_preset=&#8220;default&#8220; custom_margin=&#8220;|auto|2px|auto||&#8220; custom_padding=&#8220;||3px|||&#8220; global_colors_info=&#8220;{}&#8220;][et_pb_column type=&#8220;4_4&#8243; _builder_version=&#8220;4.15.1&#8243; _module_preset=&#8220;default&#8220; global_colors_info=&#8220;{}&#8220;][et_pb_image src=&#8220;https:\/\/www.ckboxen.de\/ckteambonn\/wp-content\/uploads\/2022\/04\/ckteam-kickboxen-bonn-kurse.png&#8220; alt=&#8220;ckteam-kickboxen-bonn-kurse-kursplan&#8220; title_text=&#8220;ckteam-kickboxen-bonn-kurse-kursplan&#8220; align=&#8220;center&#8220; _builder_version=&#8220;4.15.1&#8243; _module_preset=&#8220;default&#8220; width=&#8220;80%&#8220; custom_margin=&#8220;||-7px|||&#8220; hover_enabled=&#8220;0&#8243; global_colors_info=&#8220;{}&#8220; sticky_enabled=&#8220;0&#8243;][\/et_pb_image][\/et_pb_column][\/et_pb_row][\/et_pb_section][et_pb_section fb_built=&#8220;1&#8243; custom_padding_last_edited=&#8220;on|phone&#8220; _builder_version=&#8220;4.15.1&#8243; _module_preset=&#8220;default&#8220; background_color=&#8220;#e6e6e6&#8243; custom_margin=&#8220;-2px|||||&#8220; custom_padding=&#8220;1px|||||&#8220; custom_padding_tablet=&#8220;1px||0px||false|false&#8220; custom_padding_phone=&#8220;1px||0px||false|false&#8220; global_colors_info=&#8220;{}&#8220;][et_pb_row custom_padding_last_edited=&#8220;on|phone&#8220; _builder_version=&#8220;4.15.1&#8243; _module_preset=&#8220;default&#8220; width=&#8220;100%&#8220; max_width=&#8220;1235px&#8220; custom_margin=&#8220;|auto|||false|false&#8220; custom_padding=&#8220;2px|||0px|false|false&#8220; custom_padding_tablet=&#8220;2px||0px|0px|false|false&#8220; custom_padding_phone=&#8220;2px||0px|0px|false|false&#8220; hover_enabled=&#8220;0&#8243; global_colors_info=&#8220;{}&#8220; border_width_top_last_edited=&#8220;on|phone&#8220; border_width_top_phone=&#8220;5px&#8220; sticky_enabled=&#8220;0&#8243;][et_pb_column type=&#8220;4_4&#8243; _builder_version=&#8220;4.15.1&#8243; _module_preset=&#8220;default&#8220; background_color=&#8220;#cccccc&#8220; custom_padding=&#8220;||||false|false&#8220; global_colors_info=&#8220;{}&#8220;][et_pb_code _builder_version=&#8220;4.15.1&#8243; _module_preset=&#8220;default&#8220; max_width=&#8220;100%&#8220; min_height=&#8220;1000px&#8220; custom_margin=&#8220;0px|-1px|0px||false|false&#8220; custom_padding=&#8220;0px||0px||false|false&#8220; global_colors_info=&#8220;{}&#8220;]<iframe loading=\"lazy\" width=\"100%\" height=\"1000px\" src=\"https:\/\/docs.google.com\/spreadsheets\/d\/1Re-CI69hVW2wzAcP482kIBl2zMwPZ_pgitWO8kNQsT4\/pubhtml?gid=1862787085&#038;single=true\" scrolling=\"no\" frameborder=\"0\" background-color=\"#eee\"><!-- [et_pb_line_break_holder] --><\/iframe>[\/et_pb_code][\/et_pb_column][\/et_pb_row][\/et_pb_section][et_pb_section fb_built=&#8220;1&#8243; disabled_on=&#8220;off|off|off&#8220; _builder_version=&#8220;4.15.1&#8243; _module_preset=&#8220;default&#8220; background_color=&#8220;#f6f8f9&#8243; custom_margin=&#8220;0px||0px||false|false&#8220; custom_padding=&#8220;0px||0px||false|false&#8220; locked=&#8220;off&#8220; global_colors_info=&#8220;{}&#8220;][et_pb_row column_structure=&#8220;1_3,2_3&#8243; _builder_version=&#8220;4.15.1&#8243; _module_preset=&#8220;default&#8220; custom_margin=&#8220;|auto||auto|false|false&#8220; custom_padding=&#8220;||0px||false|false&#8220; global_colors_info=&#8220;{}&#8220;][et_pb_column type=&#8220;1_3&#8243; _builder_version=&#8220;4.15.1&#8243; _module_preset=&#8220;default&#8220; global_colors_info=&#8220;{}&#8220;][et_pb_image src=&#8220;https:\/\/www.ckboxen.de\/ckteambonn\/wp-content\/uploads\/2022\/03\/oli.png&#8220; alt=&#8220;ckteambonn-kickboxen-oliver-bellersheim&#8220; title_text=&#8220;ckteambonn-kickboxen-oliver-bellersheim&#8220; _builder_version=&#8220;4.15.1&#8243; _module_preset=&#8220;default&#8220; custom_margin=&#8220;-30px|||||&#8220; custom_css_main_element=&#8220;||&#8220; global_colors_info=&#8220;{}&#8220;][\/et_pb_image][\/et_pb_column][et_pb_column type=&#8220;2_3&#8243; _builder_version=&#8220;4.15.1&#8243; _module_preset=&#8220;default&#8220; global_colors_info=&#8220;{}&#8220;][et_pb_text _builder_version=&#8220;4.15.1&#8243; _module_preset=&#8220;default&#8220; text_font_size=&#8220;18px&#8220; header_4_text_color=&#8220;#000000&#8243; header_4_font_size=&#8220;24px&#8220; custom_margin=&#8220;||17px||false|false&#8220; custom_padding=&#8220;10px||||false|false&#8220; global_colors_info=&#8220;{}&#8220;]<\/p>\n<h4>Trainingsleitung &#8211;<span>\u00a0<\/span><span style=\"color: #999999;\"><strong>Bundestrainer Oliver Bellersheim<\/strong><\/span><\/h4>\n<p>[\/et_pb_text][et_pb_text _builder_version=&#8220;4.15.1&#8243; _module_preset=&#8220;default&#8220; text_font_size=&#8220;18px&#8220; header_4_text_color=&#8220;#000000&#8243; header_4_font_size=&#8220;24px&#8220; custom_padding_tablet=&#8220;||25px||false|false&#8220; custom_padding_phone=&#8220;||42px||false|false&#8220; custom_padding_last_edited=&#8220;on|phone&#8220; global_colors_info=&#8220;{}&#8220;]<\/p>\n<p><span class=\"fontstyle0\">\u201eEine Sache ist mir bei jedem Training sehr wichtig: Das Training muss Spa\u00df machen! Nur so erreichst Du Dein Ziel.<\/span><\/p>\n<p>Bei uns bist Du herzlich Willkommen.<br \/>Ich freue mich sehr auf Deinen Besuch zum Probetraining.\u201d<\/p>\n<p>[\/et_pb_text][\/et_pb_column][\/et_pb_row][\/et_pb_section][et_pb_section fb_built=&#8220;1&#8243; _builder_version=&#8220;4.15.1&#8243; _module_preset=&#8220;default&#8220; background_color=&#8220;#1A1A1A&#8220; min_height=&#8220;205.8px&#8220; min_height_tablet=&#8220;&#8220; min_height_phone=&#8220;&#8220; min_height_last_edited=&#8220;on|tablet&#8220; height_tablet=&#8220;200px&#8220; height_phone=&#8220;200px&#8220; height_last_edited=&#8220;on|tablet&#8220; custom_margin=&#8220;0px||0px||false|false&#8220; custom_margin_tablet=&#8220;0px||0px||false|false&#8220; custom_margin_phone=&#8220;0px||0px||false|false&#8220; custom_margin_last_edited=&#8220;on|tablet&#8220; custom_padding=&#8220;2%||2%||false|false&#8220; custom_css_main_element=&#8220;    display: flex;||    justify-content: center;||    align-items: center;&#8220; locked=&#8220;off&#8220; global_colors_info=&#8220;{}&#8220;][et_pb_row column_structure=&#8220;1_3,2_3&#8243; _builder_version=&#8220;4.15.1&#8243; _module_preset=&#8220;default&#8220; custom_padding=&#8220;||||false|false&#8220; custom_css_main_element=&#8220;    display: flex;||    justify-content: center;||    align-items: center;&#8220; global_colors_info=&#8220;{}&#8220; custom_css_main_element_last_edited=&#8220;on|phone&#8220; custom_css_main_element_phone=&#8220;display: block;&#8220; custom_css_main_element_tablet=&#8220;    display: flex;||    justify-content: center;||    align-items: center;&#8220;][et_pb_column type=&#8220;1_3&#8243; _builder_version=&#8220;4.15.1&#8243; _module_preset=&#8220;default&#8220; global_colors_info=&#8220;{}&#8220; custom_css_main_element_last_edited=&#8220;on|tablet&#8220; custom_css_main_element_tablet=&#8220;vertical-align:middle;||margin-bottom:0;&#8220; custom_css_main_element_phone=&#8220;vertical-align:middle;||margin-bottom:0;&#8220;][et_pb_image src=&#8220;https:\/\/www.ckboxen.de\/ckteambonn\/wp-content\/uploads\/2022\/03\/ckteambonn-kickboxen-probetraining-button.png&#8220; alt=&#8220;ckteambonn-kickboxen-probetraining-button&#8220; title_text=&#8220;ckteambonn-kickboxen-probetraining-button&#8220; url=&#8220;https:\/\/www.ckboxen.de\/ckteambonn\/kickboxen-bonn-ckteam-boxenlernen-frauen-manner-kinder-kampfsport-selbstverteidigung-probetraining\/&#8220; show_bottom_space_tablet=&#8220;off&#8220; show_bottom_space_phone=&#8220;off&#8220; show_bottom_space_last_edited=&#8220;on|tablet&#8220; _builder_version=&#8220;4.15.1&#8243; _module_preset=&#8220;default&#8220; width_tablet=&#8220;75%&#8220; width_phone=&#8220;70%&#8220; width_last_edited=&#8220;on|phone&#8220; module_alignment=&#8220;center&#8220; custom_margin=&#8220;0px||0px||false|false&#8220; custom_padding=&#8220;0px||0px||false|false&#8220; global_colors_info=&#8220;{}&#8220;][\/et_pb_image][\/et_pb_column][et_pb_column type=&#8220;2_3&#8243; _builder_version=&#8220;4.15.1&#8243; _module_preset=&#8220;default&#8220; custom_css_main_element=&#8220;vertical-align: middle;&#8220; global_colors_info=&#8220;{}&#8220;][et_pb_text content_tablet=&#8220;<\/p>\n<h1><strong><span style=%22color: #ffff00;%22>STARTE JETZT!<\/span> <span style=%22color: #ffffff;%22>TESTE CK-TEAM KICKBOXEN IN BONN<\/span><\/strong><\/h1>\n<p>&#8220; content_phone=&#8220;<\/p>\n<h1 style=%22text-align: center;%22><strong><span style=%22color: #ffff00;%22>STARTE JETZT!<\/span> <span style=%22color: #ffffff;%22>TESTE CK-TEAM KICKBOXEN IN BONN<\/span><\/strong><\/h1>\n<p>&#8220; content_last_edited=&#8220;on|phone&#8220; _builder_version=&#8220;4.15.1&#8243; _module_preset=&#8220;default&#8220; header_text_align=&#8220;left&#8220; header_font_size=&#8220;25px&#8220; module_alignment=&#8220;left&#8220; custom_margin=&#8220;auto||auto||false|false&#8220; custom_padding=&#8220;10px||0px||false|false&#8220; custom_padding_tablet=&#8220;11px||0px||false|false&#8220; custom_padding_phone=&#8220;25px||||false|false&#8220; custom_padding_last_edited=&#8220;on|phone&#8220; header_font_size_tablet=&#8220;20px&#8220; header_font_size_phone=&#8220;18px&#8220; header_font_size_last_edited=&#8220;on|phone&#8220; global_colors_info=&#8220;{}&#8220;]<\/p>\n<h1><strong><span style=\"color: #ffff00;\">STARTE JETZT!<\/span> <span style=\"color: #ffffff;\">TESTE CK-TEAM KICKBOXEN IN BONN<\/span><\/strong><\/h1>\n<p>[\/et_pb_text][\/et_pb_column][\/et_pb_row][\/et_pb_section]<\/p>\n","protected":false},"excerpt":{"rendered":"<p>Trainingsleitung &#8211;\u00a0Bundestrainer Oliver Bellersheim\u201eEine Sache ist mir bei jedem Training sehr wichtig: Das Training muss Spa\u00df machen! Nur so erreichst Du Dein Ziel. Bei uns bist Du herzlich Willkommen.Ich freue mich sehr auf Deinen Besuch zum Probetraining.\u201dSTARTE JETZT! TESTE CK-TEAM KICKBOXEN IN BONN<\/p>\n","protected":false},"author":1,"featured_media":0,"parent":0,"menu_order":0,"comment_status":"closed","ping_status":"closed","template":"","meta":{"_et_pb_use_builder":"on","_et_pb_old_content":"","_et_gb_content_width":"","footnotes":""},"class_list":["post-515","page","type-page","status-publish","hentry"],"yoast_head":"<!-- This site is optimized with the Yoast SEO plugin v23.7 - https:\/\/yoast.com\/wordpress\/plugins\/seo\/ -->\n<title>Boxkurse in Bonn | CK Team Kursplan f\u00fcr Kampfsport in Bonn<\/title>\n<meta name=\"description\" content=\"Kampfsport Bonn : CK Team Kurspl\u00e4ne f\u00fcr Boxtraining, Kickboxen, Boxen f\u00fcr Kinder und Jugendliche, Boxen f\u00fcr Frauen, MMA. CK Team - Kampfsport in Bonn\" \/>\n<meta name=\"robots\" content=\"index, follow, max-snippet:-1, max-image-preview:large, max-video-preview:-1\" \/>\n<link rel=\"canonical\" href=\"https:\/\/www.ckboxen.de\/ckteambonn\/kickboxen-bonn-ckteam-boxenlernen-frauen-maenner-kinder-kampfsport-selbstverteidigung-kursplan\/\" \/>\n<meta property=\"og:locale\" content=\"de_DE\" \/>\n<meta property=\"og:type\" content=\"article\" \/>\n<meta property=\"og:title\" content=\"Boxkurse in Bonn | CK Team Kursplan f\u00fcr Kampfsport in Bonn\" \/>\n<meta property=\"og:description\" content=\"Kampfsport Bonn : CK Team Kurspl\u00e4ne f\u00fcr Boxtraining, Kickboxen, Boxen f\u00fcr Kinder und Jugendliche, Boxen f\u00fcr Frauen, MMA. CK Team - Kampfsport in Bonn\" \/>\n<meta property=\"og:url\" content=\"https:\/\/www.ckboxen.de\/ckteambonn\/kickboxen-bonn-ckteam-boxenlernen-frauen-maenner-kinder-kampfsport-selbstverteidigung-kursplan\/\" \/>\n<meta property=\"og:site_name\" content=\"CKTeamBonn - CKBoxen\" \/>\n<meta property=\"article:publisher\" content=\"http:\/\/www.facebook.com\/ckteamkoeln\" \/>\n<meta property=\"article:modified_time\" content=\"2022-04-25T13:33:14+00:00\" \/>\n<meta name=\"twitter:card\" content=\"summary_large_image\" \/>\n<meta name=\"twitter:label1\" content=\"Gesch\u00e4tzte Lesezeit\" \/>\n\t<meta name=\"twitter:data1\" content=\"7\u00a0Minuten\" \/>\n<script type=\"application\/ld+json\" class=\"yoast-schema-graph\">{\"@context\":\"https:\/\/schema.org\",\"@graph\":[{\"@type\":\"WebPage\",\"@id\":\"https:\/\/www.ckboxen.de\/ckteambonn\/kickboxen-bonn-ckteam-boxenlernen-frauen-maenner-kinder-kampfsport-selbstverteidigung-kursplan\/\",\"url\":\"https:\/\/www.ckboxen.de\/ckteambonn\/kickboxen-bonn-ckteam-boxenlernen-frauen-maenner-kinder-kampfsport-selbstverteidigung-kursplan\/\",\"name\":\"Boxkurse in Bonn | CK Team Kursplan f\u00fcr Kampfsport in Bonn\",\"isPartOf\":{\"@id\":\"https:\/\/www.ckboxen.de\/ckteambonn\/#website\"},\"datePublished\":\"2022-03-31T09:11:20+00:00\",\"dateModified\":\"2022-04-25T13:33:14+00:00\",\"description\":\"Kampfsport Bonn : CK Team Kurspl\u00e4ne f\u00fcr Boxtraining, Kickboxen, Boxen f\u00fcr Kinder und Jugendliche, Boxen f\u00fcr Frauen, MMA. CK Team - Kampfsport in Bonn\",\"breadcrumb\":{\"@id\":\"https:\/\/www.ckboxen.de\/ckteambonn\/kickboxen-bonn-ckteam-boxenlernen-frauen-maenner-kinder-kampfsport-selbstverteidigung-kursplan\/#breadcrumb\"},\"inLanguage\":\"de\",\"potentialAction\":[{\"@type\":\"ReadAction\",\"target\":[\"https:\/\/www.ckboxen.de\/ckteambonn\/kickboxen-bonn-ckteam-boxenlernen-frauen-maenner-kinder-kampfsport-selbstverteidigung-kursplan\/\"]}]},{\"@type\":\"BreadcrumbList\",\"@id\":\"https:\/\/www.ckboxen.de\/ckteambonn\/kickboxen-bonn-ckteam-boxenlernen-frauen-maenner-kinder-kampfsport-selbstverteidigung-kursplan\/#breadcrumb\",\"itemListElement\":[{\"@type\":\"ListItem\",\"position\":1,\"name\":\"Startseite\",\"item\":\"https:\/\/www.ckboxen.de\/ckteambonn\/\"},{\"@type\":\"ListItem\",\"position\":2,\"name\":\"Kursplan\"}]},{\"@type\":\"WebSite\",\"@id\":\"https:\/\/www.ckboxen.de\/ckteambonn\/#website\",\"url\":\"https:\/\/www.ckboxen.de\/ckteambonn\/\",\"name\":\"CKTeamBonn - CKBoxen\",\"description\":\"\",\"potentialAction\":[{\"@type\":\"SearchAction\",\"target\":{\"@type\":\"EntryPoint\",\"urlTemplate\":\"https:\/\/www.ckboxen.de\/ckteambonn\/?s={search_term_string}\"},\"query-input\":{\"@type\":\"PropertyValueSpecification\",\"valueRequired\":true,\"valueName\":\"search_term_string\"}}],\"inLanguage\":\"de\"}]}<\/script>\n<!-- \/ Yoast SEO plugin. -->","yoast_head_json":{"title":"Boxkurse in Bonn | CK Team Kursplan f\u00fcr Kampfsport in Bonn","description":"Kampfsport Bonn : CK Team Kurspl\u00e4ne f\u00fcr Boxtraining, Kickboxen, Boxen f\u00fcr Kinder und Jugendliche, Boxen f\u00fcr Frauen, MMA. CK Team - Kampfsport in Bonn","robots":{"index":"index","follow":"follow","max-snippet":"max-snippet:-1","max-image-preview":"max-image-preview:large","max-video-preview":"max-video-preview:-1"},"canonical":"https:\/\/www.ckboxen.de\/ckteambonn\/kickboxen-bonn-ckteam-boxenlernen-frauen-maenner-kinder-kampfsport-selbstverteidigung-kursplan\/","og_locale":"de_DE","og_type":"article","og_title":"Boxkurse in Bonn | CK Team Kursplan f\u00fcr Kampfsport in Bonn","og_description":"Kampfsport Bonn : CK Team Kurspl\u00e4ne f\u00fcr Boxtraining, Kickboxen, Boxen f\u00fcr Kinder und Jugendliche, Boxen f\u00fcr Frauen, MMA. CK Team - Kampfsport in Bonn","og_url":"https:\/\/www.ckboxen.de\/ckteambonn\/kickboxen-bonn-ckteam-boxenlernen-frauen-maenner-kinder-kampfsport-selbstverteidigung-kursplan\/","og_site_name":"CKTeamBonn - CKBoxen","article_publisher":"http:\/\/www.facebook.com\/ckteamkoeln","article_modified_time":"2022-04-25T13:33:14+00:00","twitter_card":"summary_large_image","twitter_misc":{"Gesch\u00e4tzte Lesezeit":"7\u00a0Minuten"},"schema":{"@context":"https:\/\/schema.org","@graph":[{"@type":"WebPage","@id":"https:\/\/www.ckboxen.de\/ckteambonn\/kickboxen-bonn-ckteam-boxenlernen-frauen-maenner-kinder-kampfsport-selbstverteidigung-kursplan\/","url":"https:\/\/www.ckboxen.de\/ckteambonn\/kickboxen-bonn-ckteam-boxenlernen-frauen-maenner-kinder-kampfsport-selbstverteidigung-kursplan\/","name":"Boxkurse in Bonn | CK Team Kursplan f\u00fcr Kampfsport in Bonn","isPartOf":{"@id":"https:\/\/www.ckboxen.de\/ckteambonn\/#website"},"datePublished":"2022-03-31T09:11:20+00:00","dateModified":"2022-04-25T13:33:14+00:00","description":"Kampfsport Bonn : CK Team Kurspl\u00e4ne f\u00fcr Boxtraining, Kickboxen, Boxen f\u00fcr Kinder und Jugendliche, Boxen f\u00fcr Frauen, MMA. CK Team - Kampfsport in Bonn","breadcrumb":{"@id":"https:\/\/www.ckboxen.de\/ckteambonn\/kickboxen-bonn-ckteam-boxenlernen-frauen-maenner-kinder-kampfsport-selbstverteidigung-kursplan\/#breadcrumb"},"inLanguage":"de","potentialAction":[{"@type":"ReadAction","target":["https:\/\/www.ckboxen.de\/ckteambonn\/kickboxen-bonn-ckteam-boxenlernen-frauen-maenner-kinder-kampfsport-selbstverteidigung-kursplan\/"]}]},{"@type":"BreadcrumbList","@id":"https:\/\/www.ckboxen.de\/ckteambonn\/kickboxen-bonn-ckteam-boxenlernen-frauen-maenner-kinder-kampfsport-selbstverteidigung-kursplan\/#breadcrumb","itemListElement":[{"@type":"ListItem","position":1,"name":"Startseite","item":"https:\/\/www.ckboxen.de\/ckteambonn\/"},{"@type":"ListItem","position":2,"name":"Kursplan"}]},{"@type":"WebSite","@id":"https:\/\/www.ckboxen.de\/ckteambonn\/#website","url":"https:\/\/www.ckboxen.de\/ckteambonn\/","name":"CKTeamBonn - CKBoxen","description":"","potentialAction":[{"@type":"SearchAction","target":{"@type":"EntryPoint","urlTemplate":"https:\/\/www.ckboxen.de\/ckteambonn\/?s={search_term_string}"},"query-input":{"@type":"PropertyValueSpecification","valueRequired":true,"valueName":"search_term_string"}}],"inLanguage":"de"}]}},"_links":{"self":[{"href":"https:\/\/www.ckboxen.de\/ckteambonn\/wp-json\/wp\/v2\/pages\/515","targetHints":{"allow":["GET"]}}],"collection":[{"href":"https:\/\/www.ckboxen.de\/ckteambonn\/wp-json\/wp\/v2\/pages"}],"about":[{"href":"https:\/\/www.ckboxen.de\/ckteambonn\/wp-json\/wp\/v2\/types\/page"}],"author":[{"embeddable":true,"href":"https:\/\/www.ckboxen.de\/ckteambonn\/wp-json\/wp\/v2\/users\/1"}],"replies":[{"embeddable":true,"href":"https:\/\/www.ckboxen.de\/ckteambonn\/wp-json\/wp\/v2\/comments?post=515"}],"version-history":[{"count":19,"href":"https:\/\/www.ckboxen.de\/ckteambonn\/wp-json\/wp\/v2\/pages\/515\/revisions"}],"predecessor-version":[{"id":1090,"href":"https:\/\/www.ckboxen.de\/ckteambonn\/wp-json\/wp\/v2\/pages\/515\/revisions\/1090"}],"wp:attachment":[{"href":"https:\/\/www.ckboxen.de\/ckteambonn\/wp-json\/wp\/v2\/media?parent=515"}],"curies":[{"name":"wp","href":"https:\/\/api.w.org\/{rel}","templated":true}]}}